{"id":1004,"date":"2022-09-22T10:59:56","date_gmt":"2022-09-22T08:59:56","guid":{"rendered":"https:\/\/annethiry-papelotte.be\/?page_id=1004"},"modified":"2025-12-09T17:10:25","modified_gmt":"2025-12-09T16:10:25","slug":"affiche-entrainement","status":"publish","type":"page","link":"https:\/\/annethiry-papelotte.be\/en\/affiche-entrainement\/","title":{"rendered":"Training poster"},"content":{"rendered":"<div data-elementor-type=\"wp-page\" data-elementor-id=\"1004\" class=\"elementor elementor-1004\" data-elementor-post-type=\"page\">\n\t\t\t\t\t\t<section data-particle_enable=\"false\" data-particle-mobile-disabled=\"false\" class=\"elementor-section elementor-top-section elementor-element elementor-element-2450b4c elementor-section-boxed elementor-section-height-default elementor-section-height-default\" data-id=\"2450b4c\" data-element_type=\"section\" data-e-type=\"section\">\n\t\t\t\t\t\t<div class=\"elementor-container elementor-column-gap-default\">\n\t\t\t\t\t<div class=\"elementor-column elementor-col-100 elementor-top-column elementor-element elementor-element-ecb81d6\" data-id=\"ecb81d6\" data-element_type=\"column\" data-e-type=\"column\">\n\t\t\t<div class=\"elementor-widget-wrap elementor-element-populated\">\n\t\t\t\t\t\t<div class=\"elementor-element elementor-element-6ff2477 elementor-widget elementor-widget-heading\" data-id=\"6ff2477\" data-element_type=\"widget\" data-e-type=\"widget\" data-widget_type=\"heading.default\">\n\t\t\t\t<div class=\"elementor-widget-container\">\n\t\t\t\t\t<h2 class=\"elementor-heading-title elementor-size-default\">Training Poster<\/h2>\t\t\t\t<\/div>\n\t\t\t\t<\/div>\n\t\t\t\t<div class=\"elementor-element elementor-element-ac9ee85 elementor-widget-divider--view-line elementor-widget elementor-widget-divider\" data-id=\"ac9ee85\" data-element_type=\"widget\" data-e-type=\"widget\" data-widget_type=\"divider.default\">\n\t\t\t\t<div class=\"elementor-widget-container\">\n\t\t\t\t\t\t\t<div class=\"elementor-divider\">\n\t\t\t<span class=\"elementor-divider-separator\">\n\t\t\t\t\t\t<\/span>\n\t\t<\/div>\n\t\t\t\t\t\t<\/div>\n\t\t\t\t<\/div>\n\t\t\t\t<div class=\"elementor-element elementor-element-779f57d elementor-widget elementor-widget-image\" data-id=\"779f57d\" data-element_type=\"widget\" data-e-type=\"widget\" data-widget_type=\"image.default\">\n\t\t\t\t<div class=\"elementor-widget-container\">\n\t\t\t\t\t\t\t\t\t\t\t\t\t\t\t<img fetchpriority=\"high\" decoding=\"async\" width=\"945\" height=\"634\" src=\"https:\/\/annethiry-papelotte.be\/wp-content\/uploads\/Entrainement.jpg\" class=\"attachment-large size-large wp-image-1007\" alt=\"Entra\u00eenement \u00e9questre \u00e0 Waterloo\" srcset=\"https:\/\/annethiry-papelotte.be\/wp-content\/uploads\/Entrainement.jpg 945w, https:\/\/annethiry-papelotte.be\/wp-content\/uploads\/Entrainement-768x515.jpg 768w\" sizes=\"(max-width: 945px) 100vw, 945px\" title=\"\">\t\t\t\t\t\t\t\t\t\t\t\t\t\t\t<\/div>\n\t\t\t\t<\/div>\n\t\t\t\t\t<\/div>\n\t\t<\/div>\n\t\t\t\t\t<\/div>\n\t\t<\/section>\n\t\t\t\t<\/div>","protected":false},"excerpt":{"rendered":"<p>Training Poster<\/p>","protected":false},"author":1,"featured_media":1007,"parent":0,"menu_order":0,"comment_status":"closed","ping_status":"closed","template":"","meta":{"footnotes":""},"class_list":["post-1004","page","type-page","status-publish","has-post-thumbnail","hentry"],"_links":{"self":[{"href":"https:\/\/annethiry-papelotte.be\/en\/wp-json\/wp\/v2\/pages\/1004","targetHints":{"allow":["GET"]}}],"collection":[{"href":"https:\/\/annethiry-papelotte.be\/en\/wp-json\/wp\/v2\/pages"}],"about":[{"href":"https:\/\/annethiry-papelotte.be\/en\/wp-json\/wp\/v2\/types\/page"}],"author":[{"embeddable":true,"href":"https:\/\/annethiry-papelotte.be\/en\/wp-json\/wp\/v2\/users\/1"}],"replies":[{"embeddable":true,"href":"https:\/\/annethiry-papelotte.be\/en\/wp-json\/wp\/v2\/comments?post=1004"}],"version-history":[{"count":0,"href":"https:\/\/annethiry-papelotte.be\/en\/wp-json\/wp\/v2\/pages\/1004\/revisions"}],"wp:featuredmedia":[{"embeddable":true,"href":"https:\/\/annethiry-papelotte.be\/en\/wp-json\/wp\/v2\/media\/1007"}],"wp:attachment":[{"href":"https:\/\/annethiry-papelotte.be\/en\/wp-json\/wp\/v2\/media?parent=1004"}],"curies":[{"name":"wp","href":"https:\/\/api.w.org\/{rel}","templated":true}]}}